{"id":64,"date":"2025-08-07T21:49:12","date_gmt":"2025-08-07T21:49:12","guid":{"rendered":"https:\/\/amberfengshui.com\/sinyana\/?page_id=64"},"modified":"2026-01-19T08:21:20","modified_gmt":"2026-01-19T08:21:20","slug":"contenido","status":"publish","type":"page","link":"https:\/\/amberfengshui.com\/sinyana\/index.php\/contenido\/","title":{"rendered":"Contenido"},"content":{"rendered":"\t\t<div data-elementor-type=\"wp-post\" data-elementor-id=\"64\" class=\"elementor elementor-64\" data-elementor-post-type=\"page\">\n\t\t\t\t<div class=\"elementor-element elementor-element-e180ab6 e-con-full e-flex e-con e-parent\" data-id=\"e180ab6\" data-element_type=\"container\">\n\t\t<div class=\"elementor-element elementor-element-6a97a14 e-con-full e-flex e-con e-child\" data-id=\"6a97a14\" data-element_type=\"container\">\n\t\t\t\t<\/div>\n\t\t<div class=\"elementor-element elementor-element-2ec14d4 e-con-full e-flex e-con e-child\" data-id=\"2ec14d4\" data-element_type=\"container\">\n\t\t\t\t<\/div>\n\t\t<div class=\"elementor-element elementor-element-11dcf2a e-con-full e-flex e-con e-child\" data-id=\"11dcf2a\" data-element_type=\"container\">\n\t\t\t\t<div class=\"elementor-element elementor-element-5e691ac elementor-widget elementor-widget-image\" data-id=\"5e691ac\" data-element_type=\"widget\" data-widget_type=\"image.default\">\n\t\t\t\t\t\t\t\t\t\t\t\t\t\t\t<img fetchpriority=\"high\" decoding=\"async\" width=\"800\" height=\"534\" src=\"https:\/\/amberfengshui.com\/sinyana\/wp-content\/uploads\/2025\/08\/Ana-Escribiendo-1024x683.jpg\" class=\"attachment-large size-large wp-image-176\" alt=\"\" srcset=\"https:\/\/amberfengshui.com\/sinyana\/wp-content\/uploads\/2025\/08\/Ana-Escribiendo-1024x683.jpg 1024w, https:\/\/amberfengshui.com\/sinyana\/wp-content\/uploads\/2025\/08\/Ana-Escribiendo-300x200.jpg 300w, https:\/\/amberfengshui.com\/sinyana\/wp-content\/uploads\/2025\/08\/Ana-Escribiendo-768x512.jpg 768w, https:\/\/amberfengshui.com\/sinyana\/wp-content\/uploads\/2025\/08\/Ana-Escribiendo.jpg 1200w\" sizes=\"(max-width: 800px) 100vw, 800px\" \/>\t\t\t\t\t\t\t\t\t\t\t\t\t\t\t<\/div>\n\t\t\t\t<\/div>\n\t\t\t\t<\/div>\n\t\t<div class=\"elementor-element elementor-element-2aede58 e-flex e-con-boxed e-con e-parent\" data-id=\"2aede58\" data-element_type=\"container\">\n\t\t\t\t\t<div class=\"e-con-inner\">\n\t\t\t\t<div class=\"elementor-element elementor-element-28eb373 elementor-widget elementor-widget-text-editor\" data-id=\"28eb373\" data-element_type=\"widget\" data-widget_type=\"text-editor.default\">\n\t\t\t\t\t\t\t\t\t<p>Beneficios clave de \u00absinyana\u00bb<\/p>\t\t\t\t\t\t\t\t<\/div>\n\t\t\t\t<div class=\"elementor-element elementor-element-65853df elementor-widget elementor-widget-text-editor\" data-id=\"65853df\" data-element_type=\"widget\" data-widget_type=\"text-editor.default\">\n\t\t\t\t\t\t\t\t\t<p style=\"text-align: right;\">\u7684\u4e3b\u8981\u512a\u9ede<\/p>\t\t\t\t\t\t\t\t<\/div>\n\t\t\t\t<div class=\"elementor-element elementor-element-33843f2 elementor-widget__width-initial elementor-widget-mobile__width-initial elementor-widget elementor-widget-text-editor\" data-id=\"33843f2\" data-element_type=\"widget\" data-widget_type=\"text-editor.default\">\n\t\t\t\t\t\t\t\t\t<h4><strong>M\u00d3DULO 1: TU BR\u00daJULA INTERNA<\/strong><\/h4><p><b>Semana 1 \u2013 La base energ\u00e9tica<\/b><\/p><ul><li><b>Qu\u00e9 es el Qi: tu energ\u00eda vital<br \/><\/b>(base del desarrollo personal y del liderazgo energ\u00e9tico)<\/li><li><b>Qu\u00e9 es QiMen y c\u00f3mo puede ayudarte<br \/><\/b>(QiMen como sistema para interactuar con la realidad)<\/li><li><b>QiMen espiritual<br \/><\/b>(no religi\u00f3n: autoconciencia, desarrollo personal, despertar)<\/li><li><b>Tu poder interior<br \/><\/b>(la energ\u00eda como tu activo principal)<\/li><li><b>Ritual de preparaci\u00f3n de la energ\u00eda interior<br \/><\/b>(preparar el campo antes de decidir o manifestar)<\/li><\/ul><h4><strong>M\u00d3DULO 2: CONECTAR CON TU VISI\u00d3N \u2013 CLARIDAD PARA DECIDIR<\/strong><\/h4><p><b>Semana 2 \u2013 Orden mental y direcci\u00f3n<\/b><\/p><ul><li><b>\u00bfD\u00f3nde est\u00e1 tu mente?<br \/><\/b>(pensamiento disperso vs pensamiento alineado)<\/li><li><b>\u00bfQu\u00e9 es lo que quieres manifestar realmente?<br \/><\/b>(diferenciar deseo, necesidad y prop\u00f3sito)<\/li><li><b>La claridad: tu aliado secreto<br \/><\/b>(sin claridad no hay portal correcto)<\/li><li><b>Tu mejor versi\u00f3n<br \/><\/b>(la versi\u00f3n que ya vive la realidad deseada)<\/li><li><b>Pasos para ganar claridad<br \/><\/b>(estructura mental + energ\u00e9tica)<\/li><\/ul><h5><strong>M\u00d3DULO 3: LA LLAMADA DEL GUARDI\u00c1N<\/strong><\/h5><p>Semana 3 \u2013 Identidad energ\u00e9tica<\/p><ul><li><b>\u00bfQu\u00e9 es el Guardi\u00e1n del Destino?<br \/><\/b>(frecuencia principal del subconsciente)<\/li><li><b>Qu\u00e9 representa el Guardi\u00e1n del Destino en tu vida<br \/><\/b>(tu canal central de manifestaci\u00f3n)<\/li><li><b>Guardianes del Destino y habilidades<br \/><\/b>(talentos, poderes y fortalezas energ\u00e9ticas)<\/li><li><b>Tu Guardi\u00e1n del Destino<br \/><\/b>(reconocimiento y conexi\u00f3n personal)<\/li><li><b>Activaci\u00f3n de la br\u00fajula interna<br \/><\/b>C\u00f3mo conectar con tu Guardi\u00e1n del Destino<\/li><\/ul><h5><strong><br \/>M\u00d3DULO 4: EL ARTE DE MANIFESTAR (<\/strong><strong>PRIMERA PARTE)<\/strong><\/h5><p><b>Semana 4 \u2013 Intuici\u00f3n y percepci\u00f3n<\/b><\/p><ul><li><b>Tipos de manifestadores<br \/><\/b>(no todos manifiestan igual)<\/li><li><b>Manifestaci\u00f3n e intuici\u00f3n<br \/><\/b>(la intuici\u00f3n como radar de portales)<\/li><li><b>Entrenar la intuici\u00f3n<br \/><\/b>(hacerla consciente y estrat\u00e9gica)<\/li><\/ul><h5><strong>M\u00d3DULO 5: EL ARTE DE MANIFESTAR (<\/strong><strong>SEGUNDA PARTE)<\/strong><\/h5><p><b>Semana 5 \u2013 Integraci\u00f3n Oriente + Occidente<\/b><\/p><ul><li><b>Leyes universales<br \/><\/b>(c\u00f3mo operan desde la energ\u00eda)<\/li><li><b>Los 7 Rayos y sus dones<br \/><\/b>(como arquetipos de conciencia y acci\u00f3n)<\/li><li><b>Pasos para la manifestaci\u00f3n<br \/><\/b>(estructura completa: energ\u00eda + mente + acci\u00f3n)<\/li><li><b>Cierre de ciclos, evaluaci\u00f3n consciente y reordenamiento<br \/><\/b>(no acumular energ\u00eda vieja)<\/li><\/ul><h5><strong><br \/>M\u00d3DULO 6: EL CICLO DE PODER: <\/strong><\/h5><p><b>Conexi\u00f3n \u00b7 Creaci\u00f3n \u00b7 Sostenimiento \u00b7 Acci\u00f3n<\/b><\/p><p><b>CONEXI\u00d3N Y CREACI\u00d3N \u2014 Semana 6<\/b><\/p><ul><li>Conexi\u00f3n con tu energ\u00eda personal (relaci\u00f3n diaria con tu deidad)<\/li><li>Ordenando la energ\u00eda: <strong>Decretos <br \/><\/strong>Qu\u00e9 son,\u00a0 c\u00f3mo utilizarlos y ejemplos de decretos<\/li><li><strong>Compromiso con mi poder<br \/><\/strong><strong>Contrato QiMen<br \/><\/strong><\/li><li><strong>Estrategia energ\u00e9tica<br \/><\/strong>Preparaci\u00f3n energ\u00e9tica antes de tomar decisiones importantes<\/li><\/ul><p><b><br \/>ACCI\u00d3N ESTRAT\u00c9GICA\u00a0 \u2014 Semana 7<\/b><\/p><ul><li><strong>C\u00f3mo utilizar tu energ\u00eda en: <\/strong>reuniones, lanzamientos, ventas y momentos importantes.<\/li><li>Pasos para crear mi decreto personal<\/li><\/ul><p><strong><br \/><b>SOSTENIMIENTO\u00a0 \u2014 <\/b><\/strong><b>Semana 8<\/b><\/p><p><strong>Integraci\u00f3n continua<\/strong><\/p><ul><li>Meditaci\u00f3n Llama Violeta<\/li><li>Nuevas decisiones desde tu versi\u00f3n m\u00e1s clara y poderosa<\/li><li>C\u00f3mo mantener tu energ\u00eda alta sin agotarte<\/li><li>Meditaci\u00f3n Paz \u2013 Llama Oro Rub\u00ed<\/li><\/ul>\t\t\t\t\t\t\t\t<\/div>\n\t\t<div class=\"elementor-element elementor-element-0e25b5b e-con-full e-flex e-con e-child\" data-id=\"0e25b5b\" data-element_type=\"container\">\n\t\t\t\t<div class=\"elementor-element elementor-element-bad7dbc elementor-widget elementor-widget-text-editor\" data-id=\"bad7dbc\" data-element_type=\"widget\" data-widget_type=\"text-editor.default\">\n\t\t\t\t\t\t\t\t\t<p>bonus<\/p>\t\t\t\t\t\t\t\t<\/div>\n\t\t\t\t<div class=\"elementor-element elementor-element-126d634 elementor-widget elementor-widget-text-editor\" data-id=\"126d634\" data-element_type=\"widget\" data-widget_type=\"text-editor.default\">\n\t\t\t\t\t\t\t\t\t<p style=\"text-align: right;\">\u734e\u91d1<\/p>\t\t\t\t\t\t\t\t<\/div>\n\t\t\t\t<div class=\"elementor-element elementor-element-f53b44b elementor-widget__width-initial elementor-widget-mobile__width-initial elementor-widget elementor-widget-text-editor\" data-id=\"f53b44b\" data-element_type=\"widget\" data-widget_type=\"text-editor.default\">\n\t\t\t\t\t\t\t\t\t<h3><b>Master Class\u00a0 \u201cEnerg\u00eda Caballo de Fuego Yang\u201d<br \/><\/b><span style=\"font-size: 18px;\">La informaci\u00f3n que necesitas para tener \u00e9xito en el <\/span><strong style=\"font-size: 18px;\">a\u00f1o del Caballo 2026<\/strong><span style=\"font-size: 18px;\">.<br \/><\/span><span style=\"font-size: 18px;\">Los tips para planificar tu estrategia alineada con la energ\u00eda del a\u00f1o.<\/span><\/h3><p><b>Kit de rituales energ\u00e9ticos<br \/><\/b>En funci\u00f3n de tus objetivos podr\u00e1s realizar tu activaci\u00f3n de preparaci\u00f3n y alineaci\u00f3n energ\u00e9tica (abundancia, claridad, cierres, atracci\u00f3n, manifestaci\u00f3n).<\/p><p><b>Planner anual con fechas para limpiezas energ\u00e9ticas<\/b><\/p>\t\t\t\t\t\t\t\t<\/div>\n\t\t\t\t<div class=\"elementor-element elementor-element-a1aacc8 elementor-widget__width-initial elementor-widget-mobile__width-initial elementor-widget elementor-widget-text-editor\" data-id=\"a1aacc8\" data-element_type=\"widget\" data-widget_type=\"text-editor.default\">\n\t\t\t\t\t\t\t\t\t<p style=\"text-align: right;\">INVERSI\u00d3N:<\/p><p style=\"text-align: right;\"><b>800\u20ac<br \/>IVA incluido<\/b><\/p>\t\t\t\t\t\t\t\t<\/div>\n\t\t\t\t<\/div>\n\t\t\t\t\t<\/div>\n\t\t\t\t<\/div>\n\t\t<div class=\"elementor-element elementor-element-17a7980 e-con-full elementor-hidden-mobile e-flex e-con e-parent\" data-id=\"17a7980\" data-element_type=\"container\" data-settings=\"{&quot;position&quot;:&quot;fixed&quot;}\">\n\t\t<div class=\"elementor-element elementor-element-7729e50 e-con-full e-flex e-con e-child\" data-id=\"7729e50\" data-element_type=\"container\">\n\t\t\t\t<div class=\"elementor-element elementor-element-e20cefb elementor-widget elementor-widget-text-editor\" data-id=\"e20cefb\" data-element_type=\"widget\" data-widget_type=\"text-editor.default\">\n\t\t\t\t\t\t\t\t\t<p style=\"text-align: right;\">www.amberfengshui.com<br \/><span style=\"color: #808080;\"><a style=\"color: #808080;\" href=\"mailto:hola@amberfengshui.es\">hola@amberfengshui.es<\/a><\/span><\/p>\t\t\t\t\t\t\t\t<\/div>\n\t\t\t\t<\/div>\n\t\t<div class=\"elementor-element elementor-element-c2b2694 e-con-full e-flex e-con e-child\" data-id=\"c2b2694\" data-element_type=\"container\">\n\t\t\t\t<div class=\"elementor-element elementor-element-3471187 elementor-widget elementor-widget-image\" data-id=\"3471187\" data-element_type=\"widget\" data-widget_type=\"image.default\">\n\t\t\t\t\t\t\t\t\t\t\t\t\t\t\t<img decoding=\"async\" width=\"74\" height=\"106\" src=\"https:\/\/amberfengshui.com\/sinyana\/wp-content\/uploads\/2025\/08\/logo.png\" class=\"attachment-large size-large wp-image-16\" alt=\"\" \/>\t\t\t\t\t\t\t\t\t\t\t\t\t\t\t<\/div>\n\t\t\t\t<\/div>\n\t\t\t\t<\/div>\n\t\t<div class=\"elementor-element elementor-element-a9a1a52 e-con-full elementor-hidden-desktop elementor-hidden-tablet e-flex e-con e-parent\" data-id=\"a9a1a52\" data-element_type=\"container\">\n\t\t<div class=\"elementor-element elementor-element-d64caeb e-con-full e-flex e-con e-child\" data-id=\"d64caeb\" data-element_type=\"container\">\n\t\t\t\t<div class=\"elementor-element elementor-element-35c68e9 elementor-widget elementor-widget-text-editor\" data-id=\"35c68e9\" data-element_type=\"widget\" data-widget_type=\"text-editor.default\">\n\t\t\t\t\t\t\t\t\t<p style=\"text-align: right;\">www.amberfengshui.com<br \/>hola@amberfengshui.es<\/p>\t\t\t\t\t\t\t\t<\/div>\n\t\t\t\t<\/div>\n\t\t<div class=\"elementor-element elementor-element-28758d9 e-con-full e-flex e-con e-child\" data-id=\"28758d9\" data-element_type=\"container\">\n\t\t\t\t<div class=\"elementor-element elementor-element-71e66ed elementor-widget elementor-widget-image\" data-id=\"71e66ed\" data-element_type=\"widget\" data-widget_type=\"image.default\">\n\t\t\t\t\t\t\t\t\t\t\t\t\t\t\t<img decoding=\"async\" width=\"74\" height=\"106\" src=\"https:\/\/amberfengshui.com\/sinyana\/wp-content\/uploads\/2025\/08\/logo.png\" class=\"attachment-large size-large wp-image-16\" alt=\"\" \/>\t\t\t\t\t\t\t\t\t\t\t\t\t\t\t<\/div>\n\t\t\t\t<\/div>\n\t\t\t\t<\/div>\n\t\t\t\t<\/div>\n\t\t","protected":false},"excerpt":{"rendered":"<p>Beneficios clave de \u00absinyana\u00bb \u7684\u4e3b\u8981\u512a\u9ede M\u00d3DULO 1: TU BR\u00daJULA INTERNA Semana 1 \u2013 La base energ\u00e9tica Qu\u00e9 es el Qi: tu energ\u00eda vital(base del desarrollo personal y del liderazgo energ\u00e9tico) Qu\u00e9 es QiMen y c\u00f3mo puede ayudarte(QiMen como sistema para interactuar con la realidad) QiMen espiritual(no religi\u00f3n: autoconciencia, desarrollo personal, despertar) Tu poder interior(la energ\u00eda [&hellip;]<\/p>\n","protected":false},"author":1,"featured_media":0,"parent":0,"menu_order":0,"comment_status":"closed","ping_status":"closed","template":"elementor_header_footer","meta":{"_joinchat":[],"footnotes":""},"class_list":["post-64","page","type-page","status-publish","hentry"],"_links":{"self":[{"href":"https:\/\/amberfengshui.com\/sinyana\/index.php\/wp-json\/wp\/v2\/pages\/64","targetHints":{"allow":["GET"]}}],"collection":[{"href":"https:\/\/amberfengshui.com\/sinyana\/index.php\/wp-json\/wp\/v2\/pages"}],"about":[{"href":"https:\/\/amberfengshui.com\/sinyana\/index.php\/wp-json\/wp\/v2\/types\/page"}],"author":[{"embeddable":true,"href":"https:\/\/amberfengshui.com\/sinyana\/index.php\/wp-json\/wp\/v2\/users\/1"}],"replies":[{"embeddable":true,"href":"https:\/\/amberfengshui.com\/sinyana\/index.php\/wp-json\/wp\/v2\/comments?post=64"}],"version-history":[{"count":64,"href":"https:\/\/amberfengshui.com\/sinyana\/index.php\/wp-json\/wp\/v2\/pages\/64\/revisions"}],"predecessor-version":[{"id":318,"href":"https:\/\/amberfengshui.com\/sinyana\/index.php\/wp-json\/wp\/v2\/pages\/64\/revisions\/318"}],"wp:attachment":[{"href":"https:\/\/amberfengshui.com\/sinyana\/index.php\/wp-json\/wp\/v2\/media?parent=64"}],"curies":[{"name":"wp","href":"https:\/\/api.w.org\/{rel}","templated":true}]}}