{"id":69,"date":"2025-08-07T22:10:50","date_gmt":"2025-08-07T22:10:50","guid":{"rendered":"https:\/\/amberfengshui.com\/sinyana\/?page_id=69"},"modified":"2026-01-16T16:57:40","modified_gmt":"2026-01-16T16:57:40","slug":"informacion-adicional","status":"publish","type":"page","link":"https:\/\/amberfengshui.com\/sinyana\/index.php\/informacion-adicional\/","title":{"rendered":"informaci\u00f3n adicional"},"content":{"rendered":"\t\t<div data-elementor-type=\"wp-post\" data-elementor-id=\"69\" class=\"elementor elementor-69\" data-elementor-post-type=\"page\">\n\t\t\t\t<div class=\"elementor-element elementor-element-beae5ef e-con-full e-flex e-con e-parent\" data-id=\"beae5ef\" data-element_type=\"container\">\n\t\t<div class=\"elementor-element elementor-element-18739bc e-con-full e-flex e-con e-child\" data-id=\"18739bc\" data-element_type=\"container\">\n\t\t\t\t<\/div>\n\t\t<div class=\"elementor-element elementor-element-c26ff4c e-con-full e-flex e-con e-child\" data-id=\"c26ff4c\" data-element_type=\"container\">\n\t\t\t\t<\/div>\n\t\t<div class=\"elementor-element elementor-element-6ebadd6 e-con-full e-flex e-con e-child\" data-id=\"6ebadd6\" data-element_type=\"container\">\n\t\t\t\t<div class=\"elementor-element elementor-element-57ecedf elementor-widget elementor-widget-image\" data-id=\"57ecedf\" data-element_type=\"widget\" data-widget_type=\"image.default\">\n\t\t\t\t\t\t\t\t\t\t\t\t\t\t\t<img fetchpriority=\"high\" decoding=\"async\" width=\"800\" height=\"534\" src=\"https:\/\/amberfengshui.com\/sinyana\/wp-content\/uploads\/2025\/08\/hogar2-1024x683.jpg\" class=\"attachment-large size-large wp-image-137\" alt=\"\" srcset=\"https:\/\/amberfengshui.com\/sinyana\/wp-content\/uploads\/2025\/08\/hogar2-1024x683.jpg 1024w, https:\/\/amberfengshui.com\/sinyana\/wp-content\/uploads\/2025\/08\/hogar2-300x200.jpg 300w, https:\/\/amberfengshui.com\/sinyana\/wp-content\/uploads\/2025\/08\/hogar2-768x512.jpg 768w, https:\/\/amberfengshui.com\/sinyana\/wp-content\/uploads\/2025\/08\/hogar2.jpg 1200w\" sizes=\"(max-width: 800px) 100vw, 800px\" \/>\t\t\t\t\t\t\t\t\t\t\t\t\t\t\t<\/div>\n\t\t\t\t<\/div>\n\t\t\t\t<\/div>\n\t\t<div class=\"elementor-element elementor-element-2aede58 e-flex e-con-boxed e-con e-parent\" data-id=\"2aede58\" data-element_type=\"container\">\n\t\t\t\t\t<div class=\"e-con-inner\">\n\t\t\t\t<div class=\"elementor-element elementor-element-28eb373 elementor-widget elementor-widget-text-editor\" data-id=\"28eb373\" data-element_type=\"widget\" data-widget_type=\"text-editor.default\">\n\t\t\t\t\t\t\t\t\t<p>informaci\u00f3n adicional<\/p>\t\t\t\t\t\t\t\t<\/div>\n\t\t\t\t<div class=\"elementor-element elementor-element-65853df elementor-widget elementor-widget-text-editor\" data-id=\"65853df\" data-element_type=\"widget\" data-widget_type=\"text-editor.default\">\n\t\t\t\t\t\t\t\t\t<p style=\"text-align: right;\">\u9644\u52a0\u4fe1\u606f<\/p>\t\t\t\t\t\t\t\t<\/div>\n\t\t\t\t<div class=\"elementor-element elementor-element-33843f2 elementor-widget__width-initial elementor-widget-mobile__width-initial elementor-widget elementor-widget-text-editor\" data-id=\"33843f2\" data-element_type=\"widget\" data-widget_type=\"text-editor.default\">\n\t\t\t\t\t\t\t\t\t<p><strong>\u00bfQu\u00e9 se descubre con SINYANA?<\/strong><\/p><ul><li>Que tienes una especie de \u201cgu\u00eda interna\u201d (a la que llamamos Guardi\u00e1n del Destino) que puede ayudarte a tomar mejores decisiones si sabes c\u00f3mo comunicarte con ella.<\/li><li>Que tu casa tiene zonas que te ayudan a pensar mejor o a tomar acci\u00f3n y que puedes activarlas con pasos muy simples.<\/li><li>Que no necesitas hacerlo todo, todo el tiempo, sino accionar en el momento justo, con la intenci\u00f3n correcta.<\/li><li>Que hay una forma de emprender donde tu energ\u00eda trabaja contigo, no en tu contra.<\/li><\/ul><p><strong>\u00bfQu\u00e9 resultados se notan?<\/strong><\/p><ul><li>Te vas a sentir m\u00e1s clara, segura y enfocada.<\/li><li>Dejar\u00e1s de sentir que est\u00e1s improvisando todo el tiempo.<\/li><li>Tendr\u00e1s un m\u00e9todo para elegir cu\u00e1ndo y c\u00f3mo avanzar.<\/li><li>Vas a recuperar tu energ\u00eda, tu motivaci\u00f3n y tu poder interno.<\/li><li>Tu negocio va a reflejar mucho m\u00e1s tu esencia y tu intenci\u00f3n.<\/li><\/ul><p><strong>\u00bfNecesito ser espiritual o saber de energ\u00eda?<\/strong><\/p><p>No.<\/p><p>\u00a0SINYANA es para mujeres reales, con negocios reales, que quieren dejar de empujar y empezar a liderar desde un lugar m\u00e1s claro y conectado consigo mismas.<\/p><p>\u00a0No hace falta que sepas nada: todo lo aprender\u00e1s aqu\u00ed, paso a paso, de forma pr\u00e1ctica, sencilla y guiada.<\/p><p>SINYANA es el lugar donde dejas de improvisar y empiezas a decidir con claridad, intenci\u00f3n y poder.<\/p><p><strong>\u00bfDe donde viene el nombre?<\/strong><\/p><p>\u00abSin\u00bb proviene de sincron\u00eda y sinergia, evocando la conexi\u00f3n arm\u00f3nica entre los ritmos del universo, la energ\u00eda personal y los ciclos naturales.<\/p><p>\u201cYana\u201d (\u092f\u093e\u0928) significa literalmente \u201cveh\u00edculo\u201d o \u201ccamino\u201d.<\/p><p>Pero no se trata de un coche o un tren f\u00edsico, sino de un camino interior que te lleva hacia un destino espiritual, una transformaci\u00f3n, o una realizaci\u00f3n profunda del ser.<\/p><p>\u00a0En la filosof\u00eda oriental, una Yana es el medio por el cual avanzas hacia la iluminaci\u00f3n o hacia un prop\u00f3sito trascendental.<\/p>\t\t\t\t\t\t\t\t<\/div>\n\t\t\t\t\t<\/div>\n\t\t\t\t<\/div>\n\t\t<div class=\"elementor-element elementor-element-17a7980 e-con-full elementor-hidden-mobile e-flex e-con e-parent\" data-id=\"17a7980\" data-element_type=\"container\" data-settings=\"{&quot;position&quot;:&quot;fixed&quot;}\">\n\t\t<div class=\"elementor-element elementor-element-7729e50 e-con-full e-flex e-con e-child\" data-id=\"7729e50\" data-element_type=\"container\">\n\t\t\t\t<div class=\"elementor-element elementor-element-e20cefb elementor-widget elementor-widget-text-editor\" data-id=\"e20cefb\" data-element_type=\"widget\" data-widget_type=\"text-editor.default\">\n\t\t\t\t\t\t\t\t\t<p style=\"text-align: right;\">www.amberfengshui.com<br \/>hola@amberfengshui.es<\/p>\t\t\t\t\t\t\t\t<\/div>\n\t\t\t\t<\/div>\n\t\t<div class=\"elementor-element elementor-element-c2b2694 e-con-full e-flex e-con e-child\" data-id=\"c2b2694\" data-element_type=\"container\">\n\t\t\t\t<div class=\"elementor-element elementor-element-3471187 elementor-widget elementor-widget-image\" data-id=\"3471187\" data-element_type=\"widget\" data-widget_type=\"image.default\">\n\t\t\t\t\t\t\t\t\t\t\t\t\t\t\t<img decoding=\"async\" width=\"74\" height=\"106\" src=\"https:\/\/amberfengshui.com\/sinyana\/wp-content\/uploads\/2025\/08\/logo.png\" class=\"attachment-large size-large wp-image-16\" alt=\"\" \/>\t\t\t\t\t\t\t\t\t\t\t\t\t\t\t<\/div>\n\t\t\t\t<\/div>\n\t\t\t\t<\/div>\n\t\t<div class=\"elementor-element elementor-element-a9a1a52 e-con-full elementor-hidden-desktop elementor-hidden-tablet e-flex e-con e-parent\" data-id=\"a9a1a52\" data-element_type=\"container\">\n\t\t<div class=\"elementor-element elementor-element-d64caeb e-con-full e-flex e-con e-child\" data-id=\"d64caeb\" data-element_type=\"container\">\n\t\t\t\t<div class=\"elementor-element elementor-element-35c68e9 elementor-widget elementor-widget-text-editor\" data-id=\"35c68e9\" data-element_type=\"widget\" data-widget_type=\"text-editor.default\">\n\t\t\t\t\t\t\t\t\t<p style=\"text-align: right;\">www.amberfengshui.com<br \/>hola@amberfengshui.es<\/p>\t\t\t\t\t\t\t\t<\/div>\n\t\t\t\t<\/div>\n\t\t<div class=\"elementor-element elementor-element-28758d9 e-con-full e-flex e-con e-child\" data-id=\"28758d9\" data-element_type=\"container\">\n\t\t\t\t<div class=\"elementor-element elementor-element-71e66ed elementor-widget elementor-widget-image\" data-id=\"71e66ed\" data-element_type=\"widget\" data-widget_type=\"image.default\">\n\t\t\t\t\t\t\t\t\t\t\t\t\t\t\t<img decoding=\"async\" width=\"74\" height=\"106\" src=\"https:\/\/amberfengshui.com\/sinyana\/wp-content\/uploads\/2025\/08\/logo.png\" class=\"attachment-large size-large wp-image-16\" alt=\"\" \/>\t\t\t\t\t\t\t\t\t\t\t\t\t\t\t<\/div>\n\t\t\t\t<\/div>\n\t\t\t\t<\/div>\n\t\t\t\t<\/div>\n\t\t","protected":false},"excerpt":{"rendered":"<p>informaci\u00f3n adicional \u9644\u52a0\u4fe1\u606f \u00bfQu\u00e9 se descubre con SINYANA? Que tienes una especie de \u201cgu\u00eda interna\u201d (a la que llamamos Guardi\u00e1n del Destino) que puede ayudarte a tomar mejores decisiones si sabes c\u00f3mo comunicarte con ella. Que tu casa tiene zonas que te ayudan a pensar mejor o a tomar acci\u00f3n y que puedes activarlas con [&hellip;]<\/p>\n","protected":false},"author":1,"featured_media":0,"parent":0,"menu_order":0,"comment_status":"closed","ping_status":"closed","template":"elementor_header_footer","meta":{"_joinchat":[],"footnotes":""},"class_list":["post-69","page","type-page","status-publish","hentry"],"_links":{"self":[{"href":"https:\/\/amberfengshui.com\/sinyana\/index.php\/wp-json\/wp\/v2\/pages\/69","targetHints":{"allow":["GET"]}}],"collection":[{"href":"https:\/\/amberfengshui.com\/sinyana\/index.php\/wp-json\/wp\/v2\/pages"}],"about":[{"href":"https:\/\/amberfengshui.com\/sinyana\/index.php\/wp-json\/wp\/v2\/types\/page"}],"author":[{"embeddable":true,"href":"https:\/\/amberfengshui.com\/sinyana\/index.php\/wp-json\/wp\/v2\/users\/1"}],"replies":[{"embeddable":true,"href":"https:\/\/amberfengshui.com\/sinyana\/index.php\/wp-json\/wp\/v2\/comments?post=69"}],"version-history":[{"count":16,"href":"https:\/\/amberfengshui.com\/sinyana\/index.php\/wp-json\/wp\/v2\/pages\/69\/revisions"}],"predecessor-version":[{"id":311,"href":"https:\/\/amberfengshui.com\/sinyana\/index.php\/wp-json\/wp\/v2\/pages\/69\/revisions\/311"}],"wp:attachment":[{"href":"https:\/\/amberfengshui.com\/sinyana\/index.php\/wp-json\/wp\/v2\/media?parent=69"}],"curies":[{"name":"wp","href":"https:\/\/api.w.org\/{rel}","templated":true}]}}