{"id":8,"date":"2025-08-05T16:31:55","date_gmt":"2025-08-05T16:31:55","guid":{"rendered":"https:\/\/amberfengshui.com\/sinyana\/?page_id=8"},"modified":"2026-01-29T16:01:10","modified_gmt":"2026-01-29T16:01:10","slug":"amber-feng-shui-sinyana","status":"publish","type":"page","link":"https:\/\/amberfengshui.com\/sinyana\/","title":{"rendered":"Amber Feng shui sinyana"},"content":{"rendered":"\t\t<div data-elementor-type=\"wp-post\" data-elementor-id=\"8\" class=\"elementor elementor-8\" data-elementor-post-type=\"page\">\n\t\t\t\t<div class=\"elementor-element elementor-element-0af8a7d e-con-full e-flex e-con e-parent\" data-id=\"0af8a7d\" data-element_type=\"container\">\n\t\t<div class=\"elementor-element elementor-element-e8dd77e e-con-full e-flex e-con e-child\" data-id=\"e8dd77e\" data-element_type=\"container\">\n\t\t\t\t<\/div>\n\t\t<div class=\"elementor-element elementor-element-c53bdc4 e-con-full e-flex e-con e-child\" data-id=\"c53bdc4\" data-element_type=\"container\">\n\t\t\t\t<\/div>\n\t\t<div class=\"elementor-element elementor-element-a32f011 e-con-full e-flex e-con e-child\" data-id=\"a32f011\" data-element_type=\"container\">\n\t\t\t\t<div class=\"elementor-element elementor-element-26ac481 elementor-widget elementor-widget-image\" data-id=\"26ac481\" data-element_type=\"widget\" data-widget_type=\"image.default\">\n\t\t\t\t\t\t\t\t\t\t\t\t\t\t\t<img fetchpriority=\"high\" decoding=\"async\" width=\"800\" height=\"523\" src=\"https:\/\/amberfengshui.com\/sinyana\/wp-content\/uploads\/2025\/08\/portada-principal-EDIT-1-1024x669.png\" class=\"attachment-large size-large wp-image-148\" alt=\"\" srcset=\"https:\/\/amberfengshui.com\/sinyana\/wp-content\/uploads\/2025\/08\/portada-principal-EDIT-1-1024x669.png 1024w, https:\/\/amberfengshui.com\/sinyana\/wp-content\/uploads\/2025\/08\/portada-principal-EDIT-1-300x196.png 300w, https:\/\/amberfengshui.com\/sinyana\/wp-content\/uploads\/2025\/08\/portada-principal-EDIT-1-768x502.png 768w, https:\/\/amberfengshui.com\/sinyana\/wp-content\/uploads\/2025\/08\/portada-principal-EDIT-1.png 1500w\" sizes=\"(max-width: 800px) 100vw, 800px\" \/>\t\t\t\t\t\t\t\t\t\t\t\t\t\t\t<\/div>\n\t\t\t\t<div class=\"elementor-element elementor-element-a91fd51 elementor-widget elementor-widget-text-editor\" data-id=\"a91fd51\" data-element_type=\"widget\" data-widget_type=\"text-editor.default\">\n\t\t\t\t\t\t\t\t\t<p>Master en Feng Shui, Certificada en Feng Shui Cl\u00e1sico y BaZi. Academia avanzada de QiMen y Metaf\u00edsica. Formaci\u00f3n I Ching y Xuang Kong Da Gua. Mentora de negocios especializada en Metaf\u00edsica China, ayud\u00e1ndote a alinear tu energ\u00eda con tus objetivos para maximizar resultados.<\/p>\t\t\t\t\t\t\t\t<\/div>\n\t\t\t\t<\/div>\n\t\t\t\t<\/div>\n\t\t<div class=\"elementor-element elementor-element-2aede58 e-flex e-con-boxed e-con e-parent\" data-id=\"2aede58\" data-element_type=\"container\">\n\t\t\t\t\t<div class=\"e-con-inner\">\n\t\t\t\t<div class=\"elementor-element elementor-element-28eb373 elementor-widget elementor-widget-text-editor\" data-id=\"28eb373\" data-element_type=\"widget\" data-widget_type=\"text-editor.default\">\n\t\t\t\t\t\t\t\t\t<p>\u00bfQu\u00e9 es \u00absinyana\u00bb?<\/p>\t\t\t\t\t\t\t\t<\/div>\n\t\t\t\t<div class=\"elementor-element elementor-element-65853df elementor-widget elementor-widget-text-editor\" data-id=\"65853df\" data-element_type=\"widget\" data-widget_type=\"text-editor.default\">\n\t\t\t\t\t\t\t\t\t<p style=\"text-align: right;\">\u4ec0\u9ebc\u662f<\/p>\t\t\t\t\t\t\t\t<\/div>\n\t\t\t\t<div class=\"elementor-element elementor-element-33843f2 elementor-widget__width-initial elementor-widget-mobile__width-initial elementor-widget elementor-widget-text-editor\" data-id=\"33843f2\" data-element_type=\"widget\" data-widget_type=\"text-editor.default\">\n\t\t\t\t\t\t\t\t\t<h3><strong>El viaje energ\u00e9tico que te devuelve la claridad, el poder y la direcci\u00f3n para crear la vida y el negocio que deseas<\/strong><\/h3><p>SINYANA es una mentor\u00eda para emprendedoras que quieren dejar de improvisar decisiones y empezar a <b>crear resultados alineados con su energ\u00eda, su visi\u00f3n y su verdadero poder interior.<\/b><\/p><p>No es pensamiento positivo.<br \/>No es espiritualidad sin tierra.<br \/>Es <b>metaf\u00edsica aplicada a la vida y al negocio real.<\/b><\/p><p>SINYANA no es un curso.<br \/>Es un <b>proceso de transformaci\u00f3n profunda y pr\u00e1ctica<\/b> para emprendedoras que saben que ya no pueden seguir decidiendo desde la confusi\u00f3n, la prisa o el agotamiento.<\/p><p>Aqu\u00ed no aprendes a \u201chacer m\u00e1s\u201d.<br \/>Aprendes a <b>elegir mejor, manifestar con estructura y accionar desde tu energ\u00eda real.<\/b><\/p>\t\t\t\t\t\t\t\t<\/div>\n\t\t\t\t\t<\/div>\n\t\t\t\t<\/div>\n\t\t<div class=\"elementor-element elementor-element-d6e9e18 e-flex e-con-boxed e-con e-parent\" data-id=\"d6e9e18\" data-element_type=\"container\">\n\t\t\t\t\t<div class=\"e-con-inner\">\n\t\t\t\t<div class=\"elementor-element elementor-element-85d6030 elementor-widget elementor-widget-text-editor\" data-id=\"85d6030\" data-element_type=\"widget\" data-widget_type=\"text-editor.default\">\n\t\t\t\t\t\t\t\t\t<p>\u00bfC\u00f3mo funciona?<\/p>\t\t\t\t\t\t\t\t<\/div>\n\t\t\t\t<div class=\"elementor-element elementor-element-7f14b7f elementor-widget-mobile__width-initial elementor-widget elementor-widget-text-editor\" data-id=\"7f14b7f\" data-element_type=\"widget\" data-widget_type=\"text-editor.default\">\n\t\t\t\t\t\t\t\t\t<p style=\"text-align: right;\">\u5b83\u662f\u5982\u4f55\u904b\u4f5c\u7684<\/p>\t\t\t\t\t\t\t\t<\/div>\n\t\t\t\t<div class=\"elementor-element elementor-element-9276298 elementor-widget__width-initial elementor-widget-mobile__width-initial elementor-widget elementor-widget-text-editor\" data-id=\"9276298\" data-element_type=\"widget\" data-widget_type=\"text-editor.default\">\n\t\t\t\t\t\t\t\t\t<p style=\"text-align: left;\"><b>El programa sigue un enfoque pr\u00e1ctico y progresivo, con cuatro pilares:<\/b><\/p><p>1. Autoconocimiento energ\u00e9tico\u00a0<\/p><p>2. Espiritualidad\u00a0<\/p><p>3. Aplicaci\u00f3n pr\u00e1ctica: Manifestaci\u00f3n\u00a0<\/p><p>4. Comunidad de mujeres con esencia energ\u00e9tica<\/p>\t\t\t\t\t\t\t\t<\/div>\n\t\t\t\t\t<\/div>\n\t\t\t\t<\/div>\n\t\t<div class=\"elementor-element elementor-element-17a7980 e-con-full elementor-hidden-mobile e-flex e-con e-parent\" data-id=\"17a7980\" data-element_type=\"container\" data-settings=\"{&quot;position&quot;:&quot;fixed&quot;}\">\n\t\t<div class=\"elementor-element elementor-element-7729e50 e-con-full e-flex e-con e-child\" data-id=\"7729e50\" data-element_type=\"container\">\n\t\t\t\t<div class=\"elementor-element elementor-element-e20cefb elementor-widget elementor-widget-text-editor\" data-id=\"e20cefb\" data-element_type=\"widget\" data-widget_type=\"text-editor.default\">\n\t\t\t\t\t\t\t\t\t<p style=\"text-align: right;\">www.amberfengshui.com<br \/>hola@amberfengshui.es<\/p>\t\t\t\t\t\t\t\t<\/div>\n\t\t\t\t<\/div>\n\t\t<div class=\"elementor-element elementor-element-c2b2694 e-con-full e-flex e-con e-child\" data-id=\"c2b2694\" data-element_type=\"container\">\n\t\t\t\t<div class=\"elementor-element elementor-element-3471187 elementor-widget elementor-widget-image\" data-id=\"3471187\" data-element_type=\"widget\" data-widget_type=\"image.default\">\n\t\t\t\t\t\t\t\t\t\t\t\t\t\t\t<img decoding=\"async\" width=\"74\" height=\"106\" src=\"https:\/\/amberfengshui.com\/sinyana\/wp-content\/uploads\/2025\/08\/logo.png\" class=\"attachment-large size-large wp-image-16\" alt=\"\" \/>\t\t\t\t\t\t\t\t\t\t\t\t\t\t\t<\/div>\n\t\t\t\t<\/div>\n\t\t\t\t<\/div>\n\t\t<div class=\"elementor-element elementor-element-9c177cf e-flex e-con-boxed e-con e-parent\" data-id=\"9c177cf\" data-element_type=\"container\">\n\t\t\t\t\t<div class=\"e-con-inner\">\n\t\t\t\t<div class=\"elementor-element elementor-element-39c23d4 elementor-widget elementor-widget-text-editor\" data-id=\"39c23d4\" data-element_type=\"widget\" data-widget_type=\"text-editor.default\">\n\t\t\t\t\t\t\t\t\t<p>\u00bfPara qui\u00e9n es?<\/p>\t\t\t\t\t\t\t\t<\/div>\n\t\t\t\t<div class=\"elementor-element elementor-element-8fdc2c5 elementor-widget-mobile__width-initial elementor-widget elementor-widget-text-editor\" data-id=\"8fdc2c5\" data-element_type=\"widget\" data-widget_type=\"text-editor.default\">\n\t\t\t\t\t\t\t\t\t<p style=\"text-align: right;\">\u5b83\u9069\u5408\u8ab0<\/p>\t\t\t\t\t\t\t\t<\/div>\n\t\t\t\t<div class=\"elementor-element elementor-element-dd495cd elementor-widget__width-initial elementor-widget-mobile__width-initial elementor-widget elementor-widget-text-editor\" data-id=\"dd495cd\" data-element_type=\"widget\" data-widget_type=\"text-editor.default\">\n\t\t\t\t\t\t\t\t\t<p class=\"cvGsUA direction-ltr align-start para-style-body\"><span class=\"OYPEnA font-feature-liga-off font-feature-clig-off font-feature-calt-off text-decoration-none text-strikethrough-none\">Para emprendedoras conscientes, sensibles y valientes que<br \/><\/span>se sientan:<\/p><ul><li><span class=\"OYPEnA font-feature-liga-off font-feature-clig-off font-feature-calt-off text-decoration-none text-strikethrough-none\">Estancadas, confundidas o agotadas en su negocio.<\/span><\/li><li><span class=\"OYPEnA font-feature-liga-off font-feature-clig-off font-feature-calt-off text-decoration-none text-strikethrough-none\">Est\u00e1n cansadas de tomar decisiones desde la presi\u00f3n externa o el agotamiento.<\/span><\/li><li><span class=\"OYPEnA font-feature-liga-off font-feature-clig-off font-feature-calt-off text-decoration-none text-strikethrough-none\">Saben que tienen potencial, pero no logran enfocarlo de forma pr\u00e1ctica.<\/span><\/li><li><span class=\"OYPEnA font-feature-liga-off font-feature-clig-off font-feature-calt-off text-decoration-none text-strikethrough-none\">Desean aprender a moverse con m\u00e1s orden, direcci\u00f3n y seguridad.<\/span><\/li><li><span class=\"OYPEnA font-feature-liga-off font-feature-clig-off font-feature-calt-off text-decoration-none text-strikethrough-none\">Intuyen que hay una manera m\u00e1s fluida y poderosa de accionar, pero a\u00fan no han conectado con su poder interior.<\/span><\/li><\/ul><p class=\"cvGsUA direction-ltr align-start para-style-body\"><span class=\"OYPEnA font-feature-liga-off font-feature-clig-off font-feature-calt-off text-decoration-none text-strikethrough-none\">Y est\u00e1n listas para:<\/span><\/p><ul><li><span class=\"OYPEnA font-feature-liga-off font-feature-clig-off font-feature-calt-off text-decoration-none text-strikethrough-none\">Comprender su energ\u00eda y utilizarla a su favor<\/span><\/li><li><span class=\"OYPEnA font-feature-liga-off font-feature-clig-off font-feature-calt-off text-decoration-none text-strikethrough-none\">Desarrollar su espiritualidad<\/span><\/li><li><span class=\"OYPEnA font-feature-liga-off font-feature-clig-off font-feature-calt-off text-decoration-none text-strikethrough-none\">Activar su poder interior<\/span><\/li><li><span class=\"OYPEnA font-feature-liga-off font-feature-clig-off font-feature-calt-off text-decoration-none text-strikethrough-none\">Encontrar la calma y sostenerla<\/span><\/li><li><span class=\"OYPEnA font-feature-liga-off font-feature-clig-off font-feature-calt-off text-decoration-none text-strikethrough-none\">Conectar su energ\u00eda vital con la universal<\/span><\/li><li><span class=\"OYPEnA font-feature-liga-off font-feature-clig-off font-feature-calt-off text-decoration-none text-strikethrough-none\">Manifestar conscientemente lo que desean<\/span><\/li><\/ul>\t\t\t\t\t\t\t\t<\/div>\n\t\t\t\t<div class=\"elementor-element elementor-element-e0483b5 elementor-widget elementor-widget-text-editor\" data-id=\"e0483b5\" data-element_type=\"widget\" data-widget_type=\"text-editor.default\">\n\t\t\t\t\t\t\t\t\t<p>\u00a0\u00bfPARA QUI\u00c9N NO ES SINYANA?<\/p>\t\t\t\t\t\t\t\t<\/div>\n\t\t\t\t<div class=\"elementor-element elementor-element-c5a6b9c elementor-widget__width-initial elementor-widget-mobile__width-initial elementor-widget elementor-widget-text-editor\" data-id=\"c5a6b9c\" data-element_type=\"widget\" data-widget_type=\"text-editor.default\">\n\t\t\t\t\t\t\t\t\t<p>SINYANA <strong>no es para ti<\/strong> si:<\/p><ul><li>Buscas soluciones r\u00e1pidas sin implicarte en tu propio proceso.<br \/><br \/><\/li><li>Esperas que alguien te diga exactamente qu\u00e9 hacer sin escucharte a ti.<br \/><br \/><\/li><li>No est\u00e1s dispuesta a revisar creencias, patrones o decisiones pasadas.<br \/><br \/><\/li><li>Quieres resultados sin asumir responsabilidad personal.<br \/><br \/><\/li><li>Buscas solo teor\u00eda sin llevar nada a la pr\u00e1ctica.<br \/><br \/><\/li><\/ul><p>No est\u00e1s abierta a trabajar con tu energ\u00eda como parte de tu crecimiento.<br \/><br \/><\/p>\t\t\t\t\t\t\t\t<\/div>\n\t\t\t\t\t<\/div>\n\t\t\t\t<\/div>\n\t\t<div class=\"elementor-element elementor-element-fb60f85 e-flex e-con-boxed e-con e-parent\" data-id=\"fb60f85\" data-element_type=\"container\">\n\t\t\t\t\t<div class=\"e-con-inner\">\n\t\t\t\t<div class=\"elementor-element elementor-element-d4f798d elementor-widget elementor-widget-text-editor\" data-id=\"d4f798d\" data-element_type=\"widget\" data-widget_type=\"text-editor.default\">\n\t\t\t\t\t\t\t\t\t<p>\u00a0\u00bfQu\u00e9 problema resuelve?<\/p>\t\t\t\t\t\t\t\t<\/div>\n\t\t\t\t<div class=\"elementor-element elementor-element-f22aa9b elementor-widget-mobile__width-initial elementor-widget elementor-widget-text-editor\" data-id=\"f22aa9b\" data-element_type=\"widget\" data-widget_type=\"text-editor.default\">\n\t\t\t\t\t\t\t\t\t<p style=\"text-align: right;\">\u5b83\u89e3\u6c7a\u4e86\u4ec0\u9ebc\u554f\u984c<\/p>\t\t\t\t\t\t\t\t<\/div>\n\t\t\t\t<div class=\"elementor-element elementor-element-50c404e elementor-widget__width-initial elementor-widget-mobile__width-initial elementor-widget elementor-widget-text-editor\" data-id=\"50c404e\" data-element_type=\"widget\" data-widget_type=\"text-editor.default\">\n\t\t\t\t\t\t\t\t\t<p>Muchas mujeres emprenden tomando decisiones a ciegas, desde la prisa o la comparaci\u00f3n, sin saber si es el momento adecuado para avanzar o si la acci\u00f3n que est\u00e1n tomando es la correcta.\u00a0<\/p><ul><li>Esto genera: Bloqueo mental y energ\u00e9tico\u00a0<\/li><li>P\u00e9rdida de tiempo, dinero y motivaci\u00f3n\u00a0<\/li><li>Ciclos repetitivos de autoexigencia sin resultados sostenibles\u00a0<\/li><li>Dudas constantes al tomar acci\u00f3n<\/li><li>Desconexi\u00f3n con la verdadera visi\u00f3n de su negocio<\/li><\/ul>\t\t\t\t\t\t\t\t<\/div>\n\t\t\t\t\t<\/div>\n\t\t\t\t<\/div>\n\t\t<div class=\"elementor-element elementor-element-894c005 e-flex e-con-boxed e-con e-parent\" data-id=\"894c005\" data-element_type=\"container\">\n\t\t\t\t\t<div class=\"e-con-inner\">\n\t\t\t\t<div class=\"elementor-element elementor-element-52d3d09 elementor-widget elementor-widget-text-editor\" data-id=\"52d3d09\" data-element_type=\"widget\" data-widget_type=\"text-editor.default\">\n\t\t\t\t\t\t\t\t\t<p>\u00bfCu\u00e1l es la transformaci\u00f3n?<\/p>\t\t\t\t\t\t\t\t<\/div>\n\t\t\t\t<div class=\"elementor-element elementor-element-f4a95c5 elementor-widget-mobile__width-initial elementor-widget elementor-widget-text-editor\" data-id=\"f4a95c5\" data-element_type=\"widget\" data-widget_type=\"text-editor.default\">\n\t\t\t\t\t\t\t\t\t<p style=\"text-align: right;\">\u8f49\u8b8a\u662f\u4ec0\u9ebc<\/p>\t\t\t\t\t\t\t\t<\/div>\n\t\t\t\t<div class=\"elementor-element elementor-element-1894cb7 elementor-widget__width-initial elementor-widget-mobile__width-initial elementor-widget elementor-widget-text-editor\" data-id=\"1894cb7\" data-element_type=\"widget\" data-widget_type=\"text-editor.default\">\n\t\t\t\t\t\t\t\t\t<p>Antes de SINYANA, te sientes desorganizada, desconectada y dudosa. Act\u00faas por impulso, postergando decisiones o puede que te sientas sola y sin claridad. Haces mucho, pero avanzas poco.<\/p><p>Despu\u00e9s de SINYANA, eres una mujer que ha recuperado su poder personal. Aprendes a escuchar tu energ\u00eda y a identificar cu\u00e1ndo y c\u00f3mo accionar. Creas una relaci\u00f3n profunda con tu gu\u00eda interior, confiando en tu br\u00fajula interna y tomando decisiones desde la claridad, no desde la urgencia.<\/p><p><b>SINYANA resuelve el caos interno que te impide crear con claridad y sostener tus resultados.<\/b><\/p><p>No porque te falte algo.<br \/>Si no porque <b>tu energ\u00eda necesita orden, direcci\u00f3n y coherencia.<\/b><\/p>\t\t\t\t\t\t\t\t<\/div>\n\t\t\t\t\t<\/div>\n\t\t\t\t<\/div>\n\t\t<div class=\"elementor-element elementor-element-6dc8451 e-flex e-con-boxed e-con e-parent\" data-id=\"6dc8451\" data-element_type=\"container\">\n\t\t\t\t\t<div class=\"e-con-inner\">\n\t\t\t\t<div class=\"elementor-element elementor-element-307241c elementor-widget elementor-widget-text-editor\" data-id=\"307241c\" data-element_type=\"widget\" data-widget_type=\"text-editor.default\">\n\t\t\t\t\t\t\t\t\t<p>\u201cLO QUE DICEN MIS CLIENTAS\u201d<\/p>\t\t\t\t\t\t\t\t<\/div>\n\t\t\t\t<div class=\"elementor-element elementor-element-b77b89d elementor-widget-mobile__width-initial elementor-widget elementor-widget-text-editor\" data-id=\"b77b89d\" data-element_type=\"widget\" data-widget_type=\"text-editor.default\">\n\t\t\t\t\t\t\t\t\t<p style=\"text-align: right;\">\u201c\u6211\u7684\u5ba2\u6236\u600e\u9ebc\u8aaa\u201d<\/p>\t\t\t\t\t\t\t\t<\/div>\n\t\t\t\t<div class=\"elementor-element elementor-element-4577038 elementor-widget__width-initial elementor-widget-mobile__width-initial elementor-widget elementor-widget-text-editor\" data-id=\"4577038\" data-element_type=\"widget\" data-widget_type=\"text-editor.default\">\n\t\t\t\t\t\t\t\t\t<p><strong>Ana:<\/strong> Trabajar con Amber Feng Shui ha supuesto un cambio en mi mentalidad. Ha sido fue una experiencia muy satisfactoria. Estoy feliz<\/p><p><b>Raquel:<\/b> Estoy muy sorprendida con Amber y con su programa de mentor\u00eda. Gracias por tanto Amber.<\/p><p><b>Carmen:<\/b> Despu\u00e9s de trabajar con Amber,<br \/>las decisiones pesan menos. Ahora tengo claridad y s\u00e9 c\u00f3mo conseguir mis objetivos.<\/p><p><b>Isabel: <\/b>Tras mi mentor\u00eda con Ana, la energ\u00eda dej\u00f3 de ser algo abstracto y pas\u00f3 a ser pr\u00e1ctico.<br \/>Ahora s\u00e9 leer mejor mis tiempos, aprovechar la energ\u00eda disponible y decidir con m\u00e1s seguridad. Dej\u00f3 de ser teor\u00eda y pas\u00f3 a ser algo totalmente pr\u00e1ctico.<\/p><p><b>Ana Mar\u00eda: <\/b>Trabajar con Amber me dio claridad y la tranquilidad de saber que tengo una gu\u00eda s\u00f3lida para seguir creciendo.<\/p>\t\t\t\t\t\t\t\t<\/div>\n\t\t\t\t\t<\/div>\n\t\t\t\t<\/div>\n\t\t<div class=\"elementor-element elementor-element-a9a1a52 e-con-full elementor-hidden-desktop elementor-hidden-tablet e-flex e-con e-parent\" data-id=\"a9a1a52\" data-element_type=\"container\">\n\t\t<div class=\"elementor-element elementor-element-d64caeb e-con-full e-flex e-con e-child\" data-id=\"d64caeb\" data-element_type=\"container\">\n\t\t\t\t<div class=\"elementor-element elementor-element-35c68e9 elementor-widget elementor-widget-text-editor\" data-id=\"35c68e9\" data-element_type=\"widget\" data-widget_type=\"text-editor.default\">\n\t\t\t\t\t\t\t\t\t<p style=\"text-align: right;\">www.amberfengshui.com<br \/>hola@amberfengshui.es<\/p>\t\t\t\t\t\t\t\t<\/div>\n\t\t\t\t<\/div>\n\t\t<div class=\"elementor-element elementor-element-28758d9 e-con-full e-flex e-con e-child\" data-id=\"28758d9\" data-element_type=\"container\">\n\t\t\t\t<div class=\"elementor-element elementor-element-71e66ed elementor-widget elementor-widget-image\" data-id=\"71e66ed\" data-element_type=\"widget\" data-widget_type=\"image.default\">\n\t\t\t\t\t\t\t\t\t\t\t\t\t\t\t<img decoding=\"async\" width=\"74\" height=\"106\" src=\"https:\/\/amberfengshui.com\/sinyana\/wp-content\/uploads\/2025\/08\/logo.png\" class=\"attachment-large size-large wp-image-16\" alt=\"\" \/>\t\t\t\t\t\t\t\t\t\t\t\t\t\t\t<\/div>\n\t\t\t\t<\/div>\n\t\t\t\t<\/div>\n\t\t\t\t<\/div>\n\t\t","protected":false},"excerpt":{"rendered":"<p>Master en Feng Shui, Certificada en Feng Shui Cl\u00e1sico y BaZi. Academia avanzada de QiMen y Metaf\u00edsica. Formaci\u00f3n I Ching y Xuang Kong Da Gua. Mentora de negocios especializada en Metaf\u00edsica China, ayud\u00e1ndote a alinear tu energ\u00eda con tus objetivos para maximizar resultados. \u00bfQu\u00e9 es \u00absinyana\u00bb? \u4ec0\u9ebc\u662f El viaje energ\u00e9tico que te devuelve la claridad, [&hellip;]<\/p>\n","protected":false},"author":1,"featured_media":0,"parent":0,"menu_order":0,"comment_status":"closed","ping_status":"closed","template":"elementor_header_footer","meta":{"_joinchat":[],"footnotes":""},"class_list":["post-8","page","type-page","status-publish","hentry"],"_links":{"self":[{"href":"https:\/\/amberfengshui.com\/sinyana\/index.php\/wp-json\/wp\/v2\/pages\/8","targetHints":{"allow":["GET"]}}],"collection":[{"href":"https:\/\/amberfengshui.com\/sinyana\/index.php\/wp-json\/wp\/v2\/pages"}],"about":[{"href":"https:\/\/amberfengshui.com\/sinyana\/index.php\/wp-json\/wp\/v2\/types\/page"}],"author":[{"embeddable":true,"href":"https:\/\/amberfengshui.com\/sinyana\/index.php\/wp-json\/wp\/v2\/users\/1"}],"replies":[{"embeddable":true,"href":"https:\/\/amberfengshui.com\/sinyana\/index.php\/wp-json\/wp\/v2\/comments?post=8"}],"version-history":[{"count":81,"href":"https:\/\/amberfengshui.com\/sinyana\/index.php\/wp-json\/wp\/v2\/pages\/8\/revisions"}],"predecessor-version":[{"id":325,"href":"https:\/\/amberfengshui.com\/sinyana\/index.php\/wp-json\/wp\/v2\/pages\/8\/revisions\/325"}],"wp:attachment":[{"href":"https:\/\/amberfengshui.com\/sinyana\/index.php\/wp-json\/wp\/v2\/media?parent=8"}],"curies":[{"name":"wp","href":"https:\/\/api.w.org\/{rel}","templated":true}]}}